{"id":1881,"date":"2020-05-28T09:39:08","date_gmt":"2020-05-28T09:39:08","guid":{"rendered":"https:\/\/www.rlmaudiovisual.com\/servicios\/"},"modified":"2022-12-06T17:58:11","modified_gmt":"2022-12-06T17:58:11","slug":"services","status":"publish","type":"page","link":"https:\/\/rlmaudiovisual.com\/en\/services\/","title":{"rendered":"Services"},"content":{"rendered":"<p>[et_pb_section fb_built=\u00bb1&#8243; _builder_version=\u00bb4.16&#8243; use_background_color_gradient=\u00bbon\u00bb background_color_gradient_stops=\u00bbrgba(43,135,218,0.28) 0%|rgba(41,196,169,0.34) 100%\u00bb background_color_gradient_start=\u00bbrgba(43,135,218,0.28)\u00bb background_color_gradient_end=\u00bbrgba(41,196,169,0.34)\u00bb background_image=\u00bbhttps:\/\/www.rlmaudiovisual.com\/wp-content\/uploads\/2020\/06\/RLM-Servicios-2020-1.jpg\u00bb background_blend=\u00bbsoft-light\u00bb min_height=\u00bb500px\u00bb height=\u00bb550px\u00bb max_height=\u00bb540px\u00bb custom_padding=\u00bb||25px|||\u00bb global_colors_info=\u00bb{}\u00bb][et_pb_row _builder_version=\u00bb4.16&#8243; custom_margin=\u00bb65px|auto|191px|auto||\u00bb global_colors_info=\u00bb{}\u00bb][et_pb_column type=\u00bb4_4&#8243; _builder_version=\u00bb4.16&#8243; global_colors_info=\u00bb{}\u00bb][et_pb_text _builder_version=\u00bb4.16&#8243; text_text_color=\u00bb#3f3f3f\u00bb text_font_size=\u00bb19px\u00bb max_width=\u00bb50%\u00bb module_alignment=\u00bbcenter\u00bb animation_style=\u00bbzoom\u00bb animation_intensity_zoom=\u00bb10%\u00bb animation_starting_opacity=\u00bb100%\u00bb global_colors_info=\u00bb{}\u00bb]<\/p>\n<p><span><strong>Notre exp\u00e9rience<\/strong> dans tous les milieux de la communication et dans le monde audiovisuel nous permettent d\u2019avoir <strong>une vision globale et r\u00e9aliste<\/strong> de nos propres besoins et de ceux de nos clients. Nous sommes <em>plurivalents<\/em>. La diversit\u00e9 ne se soustrait pas \u00e0 la comp\u00e9titivit\u00e9 ou \u00e0 la qualit\u00e9, bien au contraire. Ce qui nous satisfait, c\u2019est de donner des <strong>solutions de qualit\u00e9 et que celles-ci soient \u00e9conomiquement viables.<\/strong> La meilleure r\u00e9mun\u00e9ration de nos services est notre bonne relation avec nos clients.<\/span><\/p>\n<p>[\/et_pb_text][\/et_pb_column][\/et_pb_row][\/et_pb_section][et_pb_section fb_built=\u00bb1&#8243; _builder_version=\u00bb4.16&#8243; background_enable_color=\u00bboff\u00bb use_background_color_gradient=\u00bbon\u00bb background_color_gradient_stops=\u00bbrgba(43,135,218,0) 70%|rgba(211,211,211,0.31) 100%\u00bb background_color_gradient_start=\u00bbrgba(43,135,218,0)\u00bb background_color_gradient_start_position=\u00bb70%\u00bb background_color_gradient_end=\u00bbrgba(211,211,211,0.31)\u00bb custom_padding=\u00bb41px||0px|||\u00bb global_colors_info=\u00bb{}\u00bb][et_pb_row _builder_version=\u00bb4.16&#8243; custom_padding=\u00bb7px|||||\u00bb global_colors_info=\u00bb{}\u00bb][et_pb_column type=\u00bb4_4&#8243; _builder_version=\u00bb4.16&#8243; global_colors_info=\u00bb{}\u00bb][et_pb_text _builder_version=\u00bb4.16&#8243; max_width=\u00bb74%\u00bb module_alignment=\u00bbcenter\u00bb global_colors_info=\u00bb{}\u00bb]<\/p>\n<h2><strong>Entre les nombreux champs de la ommunication audiovisuelle, nous nous d\u00e9fendons avec beaucoup d\u2019aisance dans:<\/strong><\/h2>\n<p>[\/et_pb_text][\/et_pb_column][\/et_pb_row][et_pb_row column_structure=\u00bb2_5,3_5&#8243; use_custom_gutter=\u00bbon\u00bb gutter_width=\u00bb1&#8243; make_equal=\u00bbon\u00bb _builder_version=\u00bb4.16&#8243; background_color=\u00bb#F7F7F7&#8243; width=\u00bb100%\u00bb max_width=\u00bb1440px\u00bb custom_padding=\u00bb0px||0px|||\u00bb global_colors_info=\u00bb{}\u00bb][et_pb_column type=\u00bb2_5&#8243; admin_label=\u00bbTitulo\u00bb _builder_version=\u00bb4.16&#8243; use_background_color_gradient=\u00bbon\u00bb background_color_gradient_stops=\u00bbrgba(43,135,218,0.53) 0%|rgba(41,196,169,0.31) 100%\u00bb background_color_gradient_start=\u00bbrgba(43,135,218,0.53)\u00bb background_color_gradient_end=\u00bbrgba(41,196,169,0.31)\u00bb background_image=\u00bbhttps:\/\/www.rlmaudiovisual.com\/wp-content\/uploads\/2020\/05\/Servicios-RLM-Marketing-Publicidad.jpg\u00bb background_blend=\u00bbsoft-light\u00bb global_colors_info=\u00bb{}\u00bb][et_pb_text _builder_version=\u00bb4.16&#8243; header_2_text_align=\u00bbcenter\u00bb header_2_text_color=\u00bb#ffffff\u00bb header_2_font_size=\u00bb61px\u00bb transform_translate_linked=\u00bboff\u00bb custom_margin=\u00bb25.1%||||false|false\u00bb animation_style=\u00bbslide\u00bb animation_direction=\u00bbright\u00bb animation_intensity_slide=\u00bb5%\u00bb animation_starting_opacity=\u00bb100%\u00bb global_colors_info=\u00bb{}\u00bb transform_styles__hover_enabled=\u00bbon|hover\u00bb transform_scale__hover_enabled=\u00bbon|desktop\u00bb transform_translate__hover_enabled=\u00bbon|hover\u00bb transform_rotate__hover_enabled=\u00bbon|desktop\u00bb transform_skew__hover_enabled=\u00bbon|desktop\u00bb transform_origin__hover_enabled=\u00bbon|desktop\u00bb transform_translate__hover=\u00bb0px|-30px\u00bb header_2_text_color__hover=\u00bbrgba(255,255,255,0.5)\u00bb header_2_text_color__hover_enabled=\u00bbon|hover\u00bb]<\/p>\n<h2><strong>Marketing et Publicit\u00e9<\/strong><\/h2>\n<p>[\/et_pb_text][\/et_pb_column][et_pb_column type=\u00bb3_5&#8243; admin_label=\u00bbTexto\u00bb _builder_version=\u00bb4.16&#8243; background_enable_color=\u00bboff\u00bb use_background_color_gradient=\u00bbon\u00bb background_color_gradient_stops=\u00bbrgba(43,135,218,0) 70%|rgba(211,211,211,0.31) 100%\u00bb background_color_gradient_start=\u00bbrgba(43,135,218,0)\u00bb background_color_gradient_start_position=\u00bb70%\u00bb background_color_gradient_end=\u00bbrgba(211,211,211,0.31)\u00bb global_colors_info=\u00bb{}\u00bb][et_pb_text _builder_version=\u00bb4.16&#8243; custom_margin=\u00bb80px|50px|80px|50px|false|false\u00bb animation_style=\u00bbslide\u00bb animation_intensity_slide=\u00bb5%\u00bb global_colors_info=\u00bb{}\u00bb]<\/p>\n<p><span>Nous sommes engag\u00e9s avec les PME. Si vous \u00eates une nouvelle entreprise ou simplement souhaitez am\u00e9liorer votre image, nous pouvons vous aider. Cr\u00e9ation de vid\u00e9os corporatives, services et produits. Nous cr\u00e9ons du contenu pour vos r\u00e9seaux sociaux, page web et m\u00eame pour la t\u00e9l\u00e9vision. Ensemble, nous am\u00e9liorons vos ventes. <\/span><\/p>\n<p><span>Avec nous, le monde digital est \u00e0 port\u00e9e de main. Internet avance rapidement et nous ne voulons pas que votre entreprise stagne. Nous vous aidons \u00e0 communiquer \u00e0 travers votre blog ou r\u00e9seaux sociaux: YouTube, Facebook, Instagram, Twitter\u2026 Nous souhaitons am\u00e9liorer votre image de marque, page web avec du contenu multim\u00e9dia de qualit\u00e9 et vous convertir en la derni\u00e8re tendance. Racontez-nous votre id\u00e9e et nous la ferons r\u00e9alit\u00e9. Et si vous n\u2019avez pas d\u2019id\u00e9es\u2026 nous vous conseillons afin de cr\u00e9er un plan de marketing avec une strat\u00e9gie durable, viable, et \u00e9conomique.<\/span><\/p>\n<p>[\/et_pb_text][\/et_pb_column][\/et_pb_row][et_pb_row column_structure=\u00bb3_5,2_5&#8243; use_custom_gutter=\u00bbon\u00bb gutter_width=\u00bb1&#8243; make_equal=\u00bbon\u00bb _builder_version=\u00bb4.16&#8243; background_color=\u00bb#F7F7F7&#8243; width=\u00bb100%\u00bb max_width=\u00bb1440px\u00bb custom_padding=\u00bb0px||0px|||\u00bb global_colors_info=\u00bb{}\u00bb][et_pb_column type=\u00bb3_5&#8243; admin_label=\u00bbTexto\u00bb _builder_version=\u00bb4.16&#8243; background_enable_color=\u00bboff\u00bb use_background_color_gradient=\u00bbon\u00bb background_color_gradient_stops=\u00bbrgba(43,135,218,0) 70%|rgba(211,211,211,0.31) 100%\u00bb background_color_gradient_start=\u00bbrgba(43,135,218,0)\u00bb background_color_gradient_start_position=\u00bb70%\u00bb background_color_gradient_end=\u00bbrgba(211,211,211,0.31)\u00bb global_colors_info=\u00bb{}\u00bb][et_pb_text _builder_version=\u00bb4.16&#8243; custom_margin=\u00bb80px|50px|80px|50px|false|false\u00bb animation_style=\u00bbslide\u00bb animation_intensity_slide=\u00bb5%\u00bb global_colors_info=\u00bb{}\u00bb]<\/p>\n<p><span>Nous nous sommes sp\u00e9cialis\u00e9s dans la couverture d\u2019\u00e9v\u00e9nements sportifs, corporatifs et socio-culturels. Nous vous apportons conseil et logistique. Gr\u00e2ce \u00e0 une couverture audiovisuelle optimale et \u00e0 nos contacts professionnels, nous donner une excellente diffusion \u00e0 nos projets, dans tout type de m\u00e9dia. Notre trajectoire dans le monde de la communication nous permet d\u2019obtenir des r\u00e9sultats imbattables dans la diffusion de votre \u00e9v\u00e9nement. Optimisation et rentabilit\u00e9 de l\u2019effort de l\u2019organisateur. Branded Content, pour que le r\u00e9cepteur de notre message se sente satisfait et confortable. \u00c9tude de la cible de notre client. Avez-vous besoin d\u2019impact pour votre \u00e9v\u00e9nement? Appelez-nous et nous commencerons \u00e0 y travailler.<\/span><\/p>\n<p>[\/et_pb_text][\/et_pb_column][et_pb_column type=\u00bb2_5&#8243; admin_label=\u00bbTitulo\u00bb _builder_version=\u00bb4.16&#8243; use_background_color_gradient=\u00bbon\u00bb background_color_gradient_stops=\u00bbrgba(43,135,218,0.53) 0%|rgba(41,196,169,0.31) 100%\u00bb background_color_gradient_start=\u00bbrgba(43,135,218,0.53)\u00bb background_color_gradient_end=\u00bbrgba(41,196,169,0.31)\u00bb background_image=\u00bbhttps:\/\/www.rlmaudiovisual.com\/wp-content\/uploads\/2020\/05\/servicios-RLM-Control-Covertura-Eventos.jpg\u00bb background_blend=\u00bbsoft-light\u00bb global_colors_info=\u00bb{}\u00bb][et_pb_text _builder_version=\u00bb4.16&#8243; header_2_text_align=\u00bbcenter\u00bb header_2_text_color=\u00bb#ffffff\u00bb header_2_font_size=\u00bb61px\u00bb transform_translate_linked__hover=\u00bboff\u00bb custom_margin=\u00bb25.1%||||false|false\u00bb animation_style=\u00bbslide\u00bb animation_direction=\u00bbright\u00bb animation_intensity_slide=\u00bb5%\u00bb animation_starting_opacity=\u00bb100%\u00bb global_colors_info=\u00bb{}\u00bb transform_styles__hover_enabled=\u00bbon|hover\u00bb transform_scale__hover_enabled=\u00bbon|hover\u00bb transform_translate__hover_enabled=\u00bbon|hover\u00bb transform_rotate__hover_enabled=\u00bbon|desktop\u00bb transform_skew__hover_enabled=\u00bbon|desktop\u00bb transform_origin__hover_enabled=\u00bbon|desktop\u00bb header_2_text_color__hover=\u00bbrgba(255,255,255,0.5)\u00bb header_2_text_color__hover_enabled=\u00bbon|hover\u00bb transform_translate__hover=\u00bb0px|-30px\u00bb]<\/p>\n<h2><strong>Couverture \u00c9v\u00e9nements<\/strong><\/h2>\n<p>[\/et_pb_text][\/et_pb_column][\/et_pb_row][et_pb_row column_structure=\u00bb2_5,3_5&#8243; use_custom_gutter=\u00bbon\u00bb gutter_width=\u00bb1&#8243; make_equal=\u00bbon\u00bb _builder_version=\u00bb4.16&#8243; background_color=\u00bb#F7F7F7&#8243; width=\u00bb100%\u00bb max_width=\u00bb1440px\u00bb custom_padding=\u00bb0px||0px|||\u00bb global_colors_info=\u00bb{}\u00bb][et_pb_column type=\u00bb2_5&#8243; admin_label=\u00bbTitulo\u00bb _builder_version=\u00bb4.16&#8243; use_background_color_gradient=\u00bbon\u00bb background_color_gradient_stops=\u00bbrgba(43,135,218,0.53) 0%|rgba(41,196,169,0.31) 100%\u00bb background_color_gradient_start=\u00bbrgba(43,135,218,0.53)\u00bb background_color_gradient_end=\u00bbrgba(41,196,169,0.31)\u00bb background_image=\u00bbhttps:\/\/www.rlmaudiovisual.com\/wp-content\/uploads\/2020\/05\/Servicios-RLM-Reportajes-Documentales.jpg\u00bb background_blend=\u00bbsoft-light\u00bb global_colors_info=\u00bb{}\u00bb][et_pb_text _builder_version=\u00bb4.16&#8243; header_2_text_align=\u00bbcenter\u00bb header_2_text_color=\u00bb#ffffff\u00bb header_2_font_size=\u00bb61px\u00bb transform_translate_linked__hover=\u00bboff\u00bb custom_margin=\u00bb21.5%||||false|false\u00bb animation_style=\u00bbslide\u00bb animation_direction=\u00bbright\u00bb animation_intensity_slide=\u00bb5%\u00bb animation_starting_opacity=\u00bb100%\u00bb global_colors_info=\u00bb{}\u00bb transform_styles__hover_enabled=\u00bbon|hover\u00bb transform_scale__hover_enabled=\u00bbon|desktop\u00bb transform_translate__hover_enabled=\u00bbon|hover\u00bb transform_rotate__hover_enabled=\u00bbon|desktop\u00bb transform_skew__hover_enabled=\u00bbon|desktop\u00bb transform_origin__hover_enabled=\u00bbon|desktop\u00bb transform_translate__hover=\u00bb0px|-30px\u00bb header_2_text_color__hover=\u00bbrgba(255,255,255,0.5)\u00bb header_2_text_color__hover_enabled=\u00bbon|hover\u00bb]<\/p>\n<h2><strong>Reportages et documentaires<\/strong><\/h2>\n<p>[\/et_pb_text][\/et_pb_column][et_pb_column type=\u00bb3_5&#8243; admin_label=\u00bbTexto\u00bb _builder_version=\u00bb4.16&#8243; background_enable_color=\u00bboff\u00bb use_background_color_gradient=\u00bbon\u00bb background_color_gradient_stops=\u00bbrgba(43,135,218,0) 70%|rgba(211,211,211,0.31) 100%\u00bb background_color_gradient_start=\u00bbrgba(43,135,218,0)\u00bb background_color_gradient_start_position=\u00bb70%\u00bb background_color_gradient_end=\u00bbrgba(211,211,211,0.31)\u00bb global_colors_info=\u00bb{}\u00bb][et_pb_text _builder_version=\u00bb4.16&#8243; custom_margin=\u00bb80px|50px|80px|50px|false|false\u00bb animation_style=\u00bbslide\u00bb animation_intensity_slide=\u00bb5%\u00bb global_colors_info=\u00bb{}\u00bb]<\/p>\n<p><span>Nous vous accompagnons dans votre parcours pour donner de la visibilit\u00e9 \u00e0 votre histoire. Nous abordons des th\u00e9matiques sociales, culturelles et sportives, dans le monde entier. Nous n\u2019avons pas \u00e9tabli de limites; nous sommes ouverts \u00e0 de nouveaux projets avec vous. Nous souhaitons que vous profitiez de cette exp\u00e9rience avec nous. Nous nous int\u00e9ressons aussi \u00e0 la culture. Nous avons r\u00e9alis\u00e9 des documentaires pour la t\u00e9l\u00e9vision comme Els Cossiers d\u2019Alar\u00f3 et Cabrit i Bassa dans l\u2019objectif de diffuser les traditions et aspects sociaux de notre terre bien-aim\u00e9e. La forme du documentaire nous permet, sans aucun doute, narrer et illustrer votre histoire de fa\u00e7on d\u00e9taill\u00e9e.<\/span><\/p>\n<p>[\/et_pb_text][\/et_pb_column][\/et_pb_row][et_pb_row column_structure=\u00bb3_5,2_5&#8243; use_custom_gutter=\u00bbon\u00bb gutter_width=\u00bb1&#8243; make_equal=\u00bbon\u00bb _builder_version=\u00bb4.16&#8243; background_color=\u00bb#F7F7F7&#8243; width=\u00bb100%\u00bb max_width=\u00bb1440px\u00bb custom_padding=\u00bb0px||0px|||\u00bb global_colors_info=\u00bb{}\u00bb][et_pb_column type=\u00bb3_5&#8243; admin_label=\u00bbTexto\u00bb _builder_version=\u00bb4.16&#8243; background_enable_color=\u00bboff\u00bb use_background_color_gradient=\u00bbon\u00bb background_color_gradient_stops=\u00bbrgba(43,135,218,0) 70%|rgba(211,211,211,0.31) 100%\u00bb background_color_gradient_start=\u00bbrgba(43,135,218,0)\u00bb background_color_gradient_start_position=\u00bb70%\u00bb background_color_gradient_end=\u00bbrgba(211,211,211,0.31)\u00bb global_colors_info=\u00bb{}\u00bb][et_pb_text _builder_version=\u00bb4.16&#8243; custom_margin=\u00bb80px|50px|80px|50px|false|false\u00bb animation_style=\u00bbslide\u00bb animation_intensity_slide=\u00bb5%\u00bb global_colors_info=\u00bb{}\u00bb]<\/p>\n<p><span>Nous suivons toujours de pr\u00e8s les nouvelles technologies. Nous avons \u00e9t\u00e9 pionniers lorsque nous avons diffus\u00e9 des images faites par des drones sur la cha\u00eene r\u00e9gionale des \u00eeles Bal\u00e9ares. Nous donnons service \u00e0 des professionnels du secteur audiovisuel, ainsi qu\u2019\u00e0 des entreprises et des particuliers. Notre association et collaboration avec les meilleures entreprises de drones nous permet d\u2019offrir \u00e0 nos clients des images spectaculaires, de fa\u00e7on flexible et \u00e9conomique. Nos documents pour utiliser les drones sont en r\u00e8gle et nous connaissons les lois actuelles afin d\u2019affronter chaque projet avec succ\u00e8s et s\u00e9curit\u00e9. Dans les espaces o\u00f9 les drones ne sont pas autoris\u00e9s, nous utilisons la technologie cablecam afin d\u2019obtenir des images \u00e9galement spectaculaires. Vid\u00e9os et photos depuis des points de vue uniques. Avez-vous besoin de voler dans les airs? Volons ensemble.<\/span><\/p>\n<p>[\/et_pb_text][\/et_pb_column][et_pb_column type=\u00bb2_5&#8243; admin_label=\u00bbTitulo\u00bb _builder_version=\u00bb4.16&#8243; use_background_color_gradient=\u00bbon\u00bb background_color_gradient_stops=\u00bbrgba(43,135,218,0.53) 0%|rgba(41,196,169,0.31) 100%\u00bb background_color_gradient_start=\u00bbrgba(43,135,218,0.53)\u00bb background_color_gradient_end=\u00bbrgba(41,196,169,0.31)\u00bb background_image=\u00bbhttps:\/\/www.rlmaudiovisual.com\/wp-content\/uploads\/2020\/05\/Servicios-RLM-Imagenes-Aereas.jpg\u00bb background_blend=\u00bbsoft-light\u00bb global_colors_info=\u00bb{}\u00bb][et_pb_text _builder_version=\u00bb4.16&#8243; header_2_text_align=\u00bbcenter\u00bb header_2_text_color=\u00bb#ffffff\u00bb header_2_font_size=\u00bb61px\u00bb transform_translate_linked__hover=\u00bboff\u00bb custom_margin=\u00bb25.1%||||false|false\u00bb animation_style=\u00bbslide\u00bb animation_direction=\u00bbright\u00bb animation_intensity_slide=\u00bb5%\u00bb animation_starting_opacity=\u00bb100%\u00bb global_colors_info=\u00bb{}\u00bb transform_styles__hover_enabled=\u00bbon|hover\u00bb transform_scale__hover_enabled=\u00bbon|desktop\u00bb transform_translate__hover_enabled=\u00bbon|hover\u00bb transform_rotate__hover_enabled=\u00bbon|desktop\u00bb transform_skew__hover_enabled=\u00bbon|desktop\u00bb transform_origin__hover_enabled=\u00bbon|desktop\u00bb transform_translate__hover=\u00bb0px|-30px\u00bb text_text_color__hover_enabled=\u00bbon|hover\u00bb text_text_color__hover=\u00bbrgba(0,0,0,0.67)\u00bb header_2_text_color__hover_enabled=\u00bbon|hover\u00bb header_2_text_color__hover=\u00bbrgba(255,255,255,0.5)\u00bb]<\/p>\n<h2><strong>Images a\u00e9riennes<\/strong><\/h2>\n<p>[\/et_pb_text][\/et_pb_column][\/et_pb_row][\/et_pb_section][et_pb_section fb_built=\u00bb1&#8243; _builder_version=\u00bb4.16&#8243; background_color=\u00bb#48dbfb\u00bb saved_tabs=\u00bball\u00bb global_colors_info=\u00bb{}\u00bb global_module=\u00bb3357&#8243; theme_builder_area=\u00bbpost_content\u00bb][et_pb_row _builder_version=\u00bb4.16&#8243; global_colors_info=\u00bb{}\u00bb theme_builder_area=\u00bbpost_content\u00bb][et_pb_column type=\u00bb4_4&#8243; _builder_version=\u00bb4.16&#8243; global_colors_info=\u00bb{}\u00bb theme_builder_area=\u00bbpost_content\u00bb][et_pb_text _builder_version=\u00bb4.16&#8243; header_font=\u00bb|800|||||||\u00bb header_text_align=\u00bbcenter\u00bb header_font_size=\u00bb39px\u00bb animation_style=\u00bbslide\u00bb animation_direction=\u00bbtop\u00bb animation_intensity_slide=\u00bb5%\u00bb animation_starting_opacity=\u00bb100%\u00bb global_colors_info=\u00bb{}\u00bb theme_builder_area=\u00bbpost_content\u00bb]<\/p>\n<h1><span>Voulez-vous am\u00e9liorer la visibilit\u00e9 de votre entreprise ou \u00e9v\u00e9nement?<\/span><\/h1>\n<h1><span style=\"color: #ffffff;\">\u00c9crivez-nous et nous vous aiderons.<\/span><\/h1>\n<p>[\/et_pb_text][wpforms_selector form_id=\u00bb3348&#8243; _builder_version=\u00bb4.19.2&#8243; _module_preset=\u00bbdefault\u00bb width=\u00bb70%\u00bb module_alignment=\u00bbcenter\u00bb global_colors_info=\u00bb{}\u00bb theme_builder_area=\u00bbpost_content\u00bb][\/wpforms_selector][\/et_pb_column][\/et_pb_row][\/et_pb_section]<\/p>\n","protected":false},"excerpt":{"rendered":"<p>Notre exp\u00e9rience dans tous les milieux de la communication et dans le monde audiovisuel nous permettent d\u2019avoir une vision globale et r\u00e9aliste de nos propres besoins et de ceux de nos clients. Nous sommes plurivalents. La diversit\u00e9 ne se soustrait pas \u00e0 la comp\u00e9titivit\u00e9 ou \u00e0 la qualit\u00e9, bien au contraire. Ce qui nous satisfait, [&hellip;]<\/p>\n","protected":false},"author":1,"featured_media":1856,"parent":0,"menu_order":3,"comment_status":"closed","ping_status":"closed","template":"","meta":{"_et_pb_use_builder":"on","_et_pb_old_content":"","_et_gb_content_width":"","footnotes":""},"class_list":["post-1881","page","type-page","status-publish","has-post-thumbnail","hentry"],"_links":{"self":[{"href":"https:\/\/rlmaudiovisual.com\/en\/wp-json\/wp\/v2\/pages\/1881","targetHints":{"allow":["GET"]}}],"collection":[{"href":"https:\/\/rlmaudiovisual.com\/en\/wp-json\/wp\/v2\/pages"}],"about":[{"href":"https:\/\/rlmaudiovisual.com\/en\/wp-json\/wp\/v2\/types\/page"}],"author":[{"embeddable":true,"href":"https:\/\/rlmaudiovisual.com\/en\/wp-json\/wp\/v2\/users\/1"}],"replies":[{"embeddable":true,"href":"https:\/\/rlmaudiovisual.com\/en\/wp-json\/wp\/v2\/comments?post=1881"}],"version-history":[{"count":0,"href":"https:\/\/rlmaudiovisual.com\/en\/wp-json\/wp\/v2\/pages\/1881\/revisions"}],"wp:featuredmedia":[{"embeddable":true,"href":"https:\/\/rlmaudiovisual.com\/en\/wp-json\/wp\/v2\/media\/1856"}],"wp:attachment":[{"href":"https:\/\/rlmaudiovisual.com\/en\/wp-json\/wp\/v2\/media?parent=1881"}],"curies":[{"name":"wp","href":"https:\/\/api.w.org\/{rel}","templated":true}]}}