{"id":1855,"date":"2020-05-28T08:27:14","date_gmt":"2020-05-28T08:27:14","guid":{"rendered":"https:\/\/www.rlmaudiovisual.com\/equipo\/"},"modified":"2021-11-02T18:50:04","modified_gmt":"2021-11-02T18:50:04","slug":"equipe","status":"publish","type":"page","link":"https:\/\/rlmaudiovisual.com\/en\/equipe\/","title":{"rendered":"\u00c9quipe"},"content":{"rendered":"\n[et_pb_section fb_built=\u00bb1&#8243; _builder_version=\u00bb4.4.7&#8243; background_image=\u00bbhttps:\/\/www.rlmaudiovisual.com\/wp-content\/uploads\/2020\/05\/Equipo-RLM-Audiovisual_Web.jpg\u00bb hover_enabled=\u00bb0&#8243; custom_margin=\u00bb-18px||||false|false\u00bb][et_pb_row column_structure=\u00bb1_2,1_2&#8243; _builder_version=\u00bb4.4.7&#8243; custom_margin=\u00bb|auto|69px|auto||\u00bb][et_pb_column type=\u00bb1_2&#8243; _builder_version=\u00bb4.4.7&#8243;][\/et_pb_column][et_pb_column type=\u00bb1_2&#8243; _builder_version=\u00bb4.4.7&#8243;][et_pb_text _builder_version=\u00bb4.4.7&#8243; text_text_color=\u00bb#545454&#8243; animation_style=\u00bbfade\u00bb]<p><strong>RLM Audiovisual. Depuis 2005,<\/strong><span>\u00a0<\/span>nous nous consacrons \u00e0 la production audiovisuelle. Nous avons donn\u00e9 service aux principales cha\u00eenes de t\u00e9l\u00e9vision :<span>\u00a0<\/span><strong>LaSexta, Antena 3, Tele5 et Cuatro, Sky Italia<\/strong>, entre autres.<\/p>\n<p><strong>Engagement, passion et effort sont les attitudes<\/strong><span>\u00a0<\/span>que notre \u00e9quipe adopte pour affronter chaque projet. De bonnes formations acad\u00e9mique et professionnelle sont essentielles afin d\u2019offrir un service de qualit\u00e9. Nous utilisons toujours les<span>\u00a0<\/span><strong>derni\u00e8res technologies<\/strong><span>\u00a0<\/span>de l\u2019industrie audiovisuelle et appliquons les strat\u00e9gies les plus novatrices, efficaces et viable de l\u2019industrie \u00e0 nos projets.<\/p>[\/et_pb_text][\/et_pb_column][\/et_pb_row][\/et_pb_section][et_pb_section fb_built=\u00bb1&#8243; _builder_version=\u00bb4.4.7&#8243; custom_margin=\u00bb0px|0px|0px|0px|false|false\u00bb custom_padding=\u00bb0px|0px|0px|0px|false|false\u00bb][et_pb_row _builder_version=\u00bb4.4.7&#8243;][et_pb_column type=\u00bb4_4&#8243; _builder_version=\u00bb4.4.7&#8243;][et_pb_image src=\u00bbhttps:\/\/www.rlmaudiovisual.com\/wp-content\/uploads\/2020\/05\/RLM-Sport-Audiovisual.png\u00bb title_text=\u00bbRLM Sport Audiovisual\u00bb align=\u00bbcenter\u00bb module_id=\u00bbsport\u00bb _builder_version=\u00bb4.4.7&#8243; width=\u00bb53%\u00bb max_width=\u00bb33%\u00bb module_alignment=\u00bbcenter\u00bb animation_style=\u00bbslide\u00bb animation_direction=\u00bbtop\u00bb animation_intensity_slide=\u00bb8%\u00bb animation_starting_opacity=\u00bb100%\u00bb][\/et_pb_image][\/et_pb_column][\/et_pb_row][et_pb_row column_structure=\u00bb1_2,1_2&#8243; _builder_version=\u00bb4.4.7&#8243; animation_style=\u00bbslide\u00bb animation_direction=\u00bbbottom\u00bb animation_intensity_slide=\u00bb5%\u00bb animation_starting_opacity=\u00bb100%\u00bb][et_pb_column type=\u00bb1_2&#8243; _builder_version=\u00bb4.4.7&#8243;][et_pb_text _builder_version=\u00bb4.4.7&#8243;]<p>RLM Audiovisual SPORT est la branche qui se d\u00e9die \u00e0 tout ce qui a \u00e0 voir avec le sport. La passion et l\u2019engagement que nous avons avec le sport, unis \u00e0 nos services professionnels, nous permettent \u00eatre les responsables de la couverture et diffusion audiovisuelle d\u2019\u00e9v\u00e9nements sportifs aux niveaux international, national et r\u00e9gional. Vaste exp\u00e9rience dans la couverture et distribution \u00e0 la t\u00e9l\u00e9vision.<\/p>\n<p>Nous sommes les producteurs d\u2019\u00e9missions de t\u00e9l\u00e9vision comme Da-li Gas, InfoTrot Balears et Cracks pel m\u00f3n. Gr\u00e2ce \u00e0 notre engagement et professionnalisme, nous arrivons \u00e0 donner une importante visibilit\u00e9 \u00e0 des sports peu connus.<\/p>[\/et_pb_text][\/et_pb_column][et_pb_column type=\u00bb1_2&#8243; _builder_version=\u00bb4.4.7&#8243;][et_pb_text _builder_version=\u00bb4.4.7&#8243;]<p>Couverture et diffusion de: Championnat d\u2019Espagne d\u2019Automobilisme, CER. Courses internationales avec des voitures classiques, le Rally Costa Brava, le Rally Classique Isla de Mallorca, GSeries organis\u00e9 par le Club Automobile d\u2019Andorre, \u00e9v\u00e9nements ciclo-touristes come le Mallorca 312. Rendez-vous et championnats r\u00e9gionaux \u2013 Pujada au Puig Major.<span><br \/><\/span><\/p>\n<p>Nos produits sont diffus\u00e9s sur des cha\u00eenes comme RTVE, Teledeporte, Canal + Deportes, Sportmania, Marca TV, Garage TV et Movistar +, entre autres.<\/p>\n<p>Nous r\u00e9alisons aussi des dossiers de sports pour le sponsoring de pilotes, \u00e9quipes, \u00e9v\u00e9nements et organisateurs. Nous donnons conseil et fournissons des services de communication de fa\u00e7on globale afin que nos clients obtiennent d\u2019importants impacts et diffusion. Et oui, nous avons un faible pour tous les sports de moteur.<\/p>[\/et_pb_text][\/et_pb_column][\/et_pb_row][et_pb_row _builder_version=\u00bb4.4.7&#8243;][et_pb_column type=\u00bb4_4&#8243; _builder_version=\u00bb4.4.7&#8243;][et_pb_gallery gallery_ids=\u00bb1725,1726,1727,1728,1729,1730,1731,1732&#8243; fullwidth=\u00bbon\u00bb _builder_version=\u00bb4.4.7&#8243; width=\u00bb50%\u00bb width_tablet=\u00bb100%\u00bb width_phone=\u00bb\u00bb width_last_edited=\u00bbon|desktop\u00bb module_alignment=\u00bbcenter\u00bb filter_saturate=\u00bb0%\u00bb filter_brightness=\u00bb117%\u00bb animation_style=\u00bbfade\u00bb auto=\u00bbon\u00bb hover_enabled=\u00bb0&#8243; border_radii=\u00bbon|12px|12px|12px|12px\u00bb box_shadow_style=\u00bbpreset2&#8243; auto_speed=\u00bb3000&#8243;][\/et_pb_gallery][\/et_pb_column][\/et_pb_row][\/et_pb_section][et_pb_section fb_built=\u00bb1&#8243; _builder_version=\u00bb4.4.7&#8243; background_color=\u00bb#f7f7f7&#8243; custom_margin=\u00bb28px|||||\u00bb custom_padding=\u00bb39px|||||\u00bb][et_pb_row _builder_version=\u00bb4.4.7&#8243;][et_pb_column type=\u00bb4_4&#8243; _builder_version=\u00bb4.4.7&#8243;][et_pb_image src=\u00bbhttps:\/\/www.rlmaudiovisual.com\/wp-content\/uploads\/2020\/05\/RLM-Services-Audiovisual.png\u00bb title_text=\u00bbRLM Services Audiovisual\u00bb align=\u00bbcenter\u00bb module_id=\u00bbservices\u00bb _builder_version=\u00bb4.4.7&#8243; width=\u00bb53%\u00bb max_width=\u00bb33%\u00bb module_alignment=\u00bbcenter\u00bb animation_style=\u00bbslide\u00bb animation_direction=\u00bbtop\u00bb animation_intensity_slide=\u00bb10%\u00bb animation_starting_opacity=\u00bb100%\u00bb][\/et_pb_image][\/et_pb_column][\/et_pb_row][et_pb_row column_structure=\u00bb1_2,1_2&#8243; _builder_version=\u00bb4.4.7&#8243; animation_style=\u00bbslide\u00bb animation_direction=\u00bbbottom\u00bb animation_intensity_slide=\u00bb4%\u00bb animation_starting_opacity=\u00bb100%\u00bb][et_pb_column type=\u00bb1_2&#8243; _builder_version=\u00bb4.4.7&#8243;][et_pb_text _builder_version=\u00bb4.4.7&#8243;]<p>Notre autre grand moteur pour rester motiv\u00e9s est de donner aux entreprises le meilleur service audiovisuel posible. RLM SERVICES est la deuxi\u00e8me branche du Groupe RLM. Nous offrons des services de marketing vid\u00e9o \u00e0 de grandes entreprises. Nous couvrons leurs \u00e9v\u00e8nements et arrivons \u00e0 faire que leurs actions arrivent au plus grand nombre de personnes. Toujours avec rigueur et professionalisme, en nous adaptant aux besoins et aux r\u00e9alit\u00e9s \u00e9conomiques de chaque client. Nous utilisons les derni\u00e8res tendances de communication et r\u00e9alisons nos produits avec la technologie la plus r\u00e9cente. Vid\u00e9os avec la r\u00e9solution maximale que le march\u00e9 peut offrir. Vid\u00e9os 360\u00b0. Tour Virtuel Google. Photographie et video a\u00e9riennes. Drone.<\/p>\n<p>Actuellement, la vid\u00e9o est le meilleur instrument pour communiquer et vendre. \u00catre entre les mains de professionnels est la position la plus intelligente \u00e0 prendre afin d\u2019atteindre les objectifs de votre entreprise. En plus du professionnalisme, nous cherchons aussi l\u2019amiti\u00e9. Finalement, la meilleure chose que nous obtiendrons apr\u00e8s le travail, ce sont de bons et nouveaux amis.<\/p>[\/et_pb_text][\/et_pb_column][et_pb_column type=\u00bb1_2&#8243; _builder_version=\u00bb4.4.7&#8243;][et_pb_text _builder_version=\u00bb4.4.7&#8243;]<p>La culture est importante pour nous. C\u2019est pour cela que nous r\u00e9alisons des documentaires pour la t\u00e9l\u00e9vision comme<span>\u00a0<\/span><em>Helmut Kalenborn<\/em>,<span>\u00a0<\/span><em>Els Cossiers d\u2019Alar\u00f3<span>\u00a0<\/span><\/em>et<span>\u00a0<\/span><em>Cabrit i Bassa<\/em>. L\u2019objectif principal est de diffuser les traditions et soci\u00e9t\u00e9 de notre terre bien-aim\u00e9e.<\/p>\n<p>Quand nous \u00e9tions plus jeunes et dansions aux rythmes de la musique \u00e9lectronique, nous organisions des \u00e9v\u00e9nements musicaux, comme le Summerland Festival. Pendant 10 ans, les arts visuels se fusionn\u00e8rent avec les sessions des DJs de grande renomm\u00e9e nationale. Pionniers dans les sessions de vid\u00e9o de DJs, projections et mapping 2D et 3D.<\/p>\n<p>Ce qui nous motive \u00e9volue au fil du temps. Ce qui n\u2019a pas chang\u00e9, c\u2019est notre objectif : offrir le meilleur service au meilleur prix.<\/p>[\/et_pb_text][\/et_pb_column][\/et_pb_row][\/et_pb_section]\n","protected":false},"excerpt":{"rendered":"<p>RLM Audiovisual. Depuis 2005,\u00a0nous nous consacrons \u00e0 la production audiovisuelle. Nous avons donn\u00e9 service aux principales cha\u00eenes de t\u00e9l\u00e9vision :\u00a0LaSexta, Antena 3, Tele5 et Cuatro, Sky Italia, entre autres. Engagement, passion et effort sont les attitudes\u00a0que notre \u00e9quipe adopte pour affronter chaque projet. De bonnes formations acad\u00e9mique et professionnelle sont essentielles afin d\u2019offrir un service [&hellip;]<\/p>\n","protected":false},"author":1,"featured_media":1856,"parent":0,"menu_order":4,"comment_status":"closed","ping_status":"closed","template":"","meta":{"_et_pb_use_builder":"on","_et_pb_old_content":"","_et_gb_content_width":"","footnotes":""},"class_list":["post-1855","page","type-page","status-publish","has-post-thumbnail","hentry"],"_links":{"self":[{"href":"https:\/\/rlmaudiovisual.com\/en\/wp-json\/wp\/v2\/pages\/1855","targetHints":{"allow":["GET"]}}],"collection":[{"href":"https:\/\/rlmaudiovisual.com\/en\/wp-json\/wp\/v2\/pages"}],"about":[{"href":"https:\/\/rlmaudiovisual.com\/en\/wp-json\/wp\/v2\/types\/page"}],"author":[{"embeddable":true,"href":"https:\/\/rlmaudiovisual.com\/en\/wp-json\/wp\/v2\/users\/1"}],"replies":[{"embeddable":true,"href":"https:\/\/rlmaudiovisual.com\/en\/wp-json\/wp\/v2\/comments?post=1855"}],"version-history":[{"count":0,"href":"https:\/\/rlmaudiovisual.com\/en\/wp-json\/wp\/v2\/pages\/1855\/revisions"}],"wp:featuredmedia":[{"embeddable":true,"href":"https:\/\/rlmaudiovisual.com\/en\/wp-json\/wp\/v2\/media\/1856"}],"wp:attachment":[{"href":"https:\/\/rlmaudiovisual.com\/en\/wp-json\/wp\/v2\/media?parent=1855"}],"curies":[{"name":"wp","href":"https:\/\/api.w.org\/{rel}","templated":true}]}}